{"id":632,"date":"2018-03-13T10:27:35","date_gmt":"2018-03-13T10:27:35","guid":{"rendered":"http:\/\/www.fondazionesaluspueri.it\/?page_id=632"},"modified":"2025-05-09T10:16:50","modified_gmt":"2025-05-09T10:16:50","slug":"imprese","status":"publish","type":"page","link":"https:\/\/www.fondazionesaluspueri.it\/index.php\/come-donare\/imprese\/","title":{"rendered":"Azienda Amica"},"content":{"rendered":"[vc_row][vc_column][vc_custom_heading text=&#8221;Dalla nostra nascita, oltre ai tanti genitori e medici, si sono uniti alla Salus Pueri moltissimi professionisti, imprenditori, aziende, convinti come noi che la salute del bambino e della bambina di oggi, ossia dell&#8217;uomo e della donna del domani, sia la garanzia pi\u00f9 solida per dare un futuro certo e sereno alla nostra societ\u00e0.&#8221; font_container=&#8221;tag:p|text_align:left&#8221;][vc_column_text]Il coraggio di un&#8217;impresa si valuta anche dalla forza con cui contribuisce ad affrontare le sfide sociali che ci circondano, cercando di dare un apporto positivo alla societ\u00e0. La tua azienda pu\u00f2 fare molto per aiutare i piccoli ospiti e le famiglie della Pediatria di Padova e condividere i nostri valori. Noi lavoriamo per realizzare un ospedale pediatrico che sia all&#8217;avanguardia, ma, soprattutto, a misura di bambino e abbiamo bisogno del tuo aiuto.<\/p>\n<p>Le aziende\u00a0che hanno scelto di sostenerci sono gi\u00e0 molte,\u00a0scopri anche tu come fare e quale modalit\u00e0 di partnership \u00e8 pi\u00f9 adatta alla tua impresa.[\/vc_column_text][vc_empty_space height=&#8221;64px&#8221;][vc_column_text]\n<h3 style=\"text-align: center;\"><strong>ECCO COSA PUO&#8217; FARE LA TUA AZIENDA PER AIUTARE LA PEDIATRIA DI PADOVA:<\/strong><\/h3>\n[\/vc_column_text][vc_empty_space height=&#8221;64px&#8221;][\/vc_column][\/vc_row][vc_row][vc_column width=&#8221;1\/2&#8243;][vc_hoverbox image=&#8221;1918&#8243; primary_title=&#8221;&#8221; primary_align=&#8221;justify&#8221; hover_title=&#8221;PARTNERSHIP&#8221; hover_align=&#8221;justify&#8221; shape=&#8221;square&#8221;]La tua azienda pu\u00f2 sostenerci in diversi modi:<\/p>\n<p>&#8211; Azioni di corporate social responsibility<\/p>\n<p>&#8211; Sostegno regolare a progetti specifici<\/p>\n<p>&#8211; Adesione alla campagna Natale o campagna 5 x 1000<\/p>\n<p>&#8211; Gift in kind<\/p>\n<p>&#8211; e molto altro.. contattaci per definire la partnership adeguata alla tua impresa[\/vc_hoverbox][\/vc_column][vc_column width=&#8221;1\/2&#8243;][vc_hoverbox image=&#8221;1917&#8243; primary_title=&#8221;&#8221; hover_title=&#8221;EROGAZIONE LIBERALE&#8221; shape=&#8221;square&#8221;]\n<p align=\"justify\">Le erogazioni liberali o in natura erogate da enti soggetti all&#8217;imposta sulle societ\u00e0 (IRES) sono deducibili senza limite assoluto entro il 10% del reddito complessivo dichiarato. Inoltre, sempre nei limiti del 10%, nel caso in cui la deduzione superi il valore del reddito complessivo dichiarato al netto di altre deduzioni, la parte di deduzione non goduta pu\u00f2 essere riportata nelle dichiarazioni successive, fino al quarto periodo d&#8217;imposta successivo. (rif. Art 83 D.lgs.3 luglio 2017 n.117)<\/p>\n[\/vc_hoverbox][\/vc_column][\/vc_row][vc_row][vc_column][vc_empty_space][\/vc_column][vc_column][vc_column_text]<img loading=\"lazy\" class=\"wp-image-4966 aligncenter\" src=\"https:\/\/www.fondazionesaluspueri.it\/wp-content\/uploads\/2024\/02\/Verde-Monotono-Minimalista-CarestiaPoverta-Unita-di-Crisi-Post-Social-Media-2-300x75.png\" alt=\"\" width=\"451\" height=\"113\" srcset=\"https:\/\/www.fondazionesaluspueri.it\/wp-content\/uploads\/2024\/02\/Verde-Monotono-Minimalista-CarestiaPoverta-Unita-di-Crisi-Post-Social-Media-2-300x75.png 300w, https:\/\/www.fondazionesaluspueri.it\/wp-content\/uploads\/2024\/02\/Verde-Monotono-Minimalista-CarestiaPoverta-Unita-di-Crisi-Post-Social-Media-2-1024x256.png 1024w, https:\/\/www.fondazionesaluspueri.it\/wp-content\/uploads\/2024\/02\/Verde-Monotono-Minimalista-CarestiaPoverta-Unita-di-Crisi-Post-Social-Media-2-768x192.png 768w, https:\/\/www.fondazionesaluspueri.it\/wp-content\/uploads\/2024\/02\/Verde-Monotono-Minimalista-CarestiaPoverta-Unita-di-Crisi-Post-Social-Media-2-1536x384.png 1536w, https:\/\/www.fondazionesaluspueri.it\/wp-content\/uploads\/2024\/02\/Verde-Monotono-Minimalista-CarestiaPoverta-Unita-di-Crisi-Post-Social-Media-2.png 1584w\" sizes=\"(max-width: 451px) 100vw, 451px\" \/>[\/vc_column_text][\/vc_column][\/vc_row][vc_row][vc_column width=&#8221;1\/4&#8243;][vc_column_text]\n<h6>con il contributo non condizionante di:<\/h6>\n[\/vc_column_text][vc_single_image image=&#8221;3009&#8243; img_size=&#8221;medium&#8221; alignment=&#8221;center&#8221; onclick=&#8221;custom_link&#8221; img_link_target=&#8221;_blank&#8221; link=&#8221;https:\/\/www.ferring.it\/&#8221;][\/vc_column][vc_column width=&#8221;1\/4&#8243;][vc_single_image image=&#8221;531&#8243; alignment=&#8221;center&#8221; onclick=&#8221;custom_link&#8221; img_link_target=&#8221;_blank&#8221; link=&#8221;https:\/\/www.pittarosso.com\/it&#8221;][vc_single_image image=&#8221;1925&#8243; alignment=&#8221;center&#8221; onclick=&#8221;custom_link&#8221; img_link_target=&#8221;_blank&#8221; link=&#8221;http:\/\/www.salvagnini.it\/&#8221;][vc_single_image image=&#8221;1944&#8243; img_size=&#8221;medium&#8221; alignment=&#8221;center&#8221; onclick=&#8221;custom_link&#8221; img_link_target=&#8221;_blank&#8221; link=&#8221;http:\/\/www.antonveneta.it\/&#8221;][\/vc_column][vc_column width=&#8221;1\/4&#8243;][vc_single_image image=&#8221;1927&#8243; alignment=&#8221;center&#8221; onclick=&#8221;custom_link&#8221; img_link_target=&#8221;_blank&#8221; link=&#8221;https:\/\/www.solgar.it\/&#8221;][vc_single_image image=&#8221;1926&#8243; alignment=&#8221;center&#8221; onclick=&#8221;custom_link&#8221; img_link_target=&#8221;_blank&#8221; link=&#8221;https:\/\/www.pittarosso.com\/it&#8221;][vc_single_image image=&#8221;1943&#8243; img_size=&#8221;medium&#8221; alignment=&#8221;center&#8221; onclick=&#8221;custom_link&#8221; img_link_target=&#8221;_blank&#8221; link=&#8221;https:\/\/www.fondazionecariparo.it\/&#8221;][\/vc_column][vc_column width=&#8221;1\/4&#8243;][vc_single_image image=&#8221;1928&#8243; alignment=&#8221;center&#8221; onclick=&#8221;custom_link&#8221; img_link_target=&#8221;_blank&#8221; link=&#8221;http:\/\/www.acciaierievenete.com\/it&#8221;][vc_single_image image=&#8221;524&#8243; alignment=&#8221;center&#8221; onclick=&#8221;custom_link&#8221; img_link_target=&#8221;_blank&#8221; link=&#8221;http:\/\/www.fassabortolo.it\/it\/&#8221;][\/vc_column][\/vc_row][vc_row][vc_column][vc_column_text]<img loading=\"lazy\" class=\" wp-image-4967 aligncenter\" src=\"https:\/\/www.fondazionesaluspueri.it\/wp-content\/uploads\/2024\/02\/Verde-Monotono-Minimalista-CarestiaPoverta-Unita-di-Crisi-Post-Social-Media-3-300x75.png\" alt=\"\" width=\"408\" height=\"102\" srcset=\"https:\/\/www.fondazionesaluspueri.it\/wp-content\/uploads\/2024\/02\/Verde-Monotono-Minimalista-CarestiaPoverta-Unita-di-Crisi-Post-Social-Media-3-300x75.png 300w, https:\/\/www.fondazionesaluspueri.it\/wp-content\/uploads\/2024\/02\/Verde-Monotono-Minimalista-CarestiaPoverta-Unita-di-Crisi-Post-Social-Media-3-1024x256.png 1024w, https:\/\/www.fondazionesaluspueri.it\/wp-content\/uploads\/2024\/02\/Verde-Monotono-Minimalista-CarestiaPoverta-Unita-di-Crisi-Post-Social-Media-3-768x192.png 768w, https:\/\/www.fondazionesaluspueri.it\/wp-content\/uploads\/2024\/02\/Verde-Monotono-Minimalista-CarestiaPoverta-Unita-di-Crisi-Post-Social-Media-3-1536x384.png 1536w, https:\/\/www.fondazionesaluspueri.it\/wp-content\/uploads\/2024\/02\/Verde-Monotono-Minimalista-CarestiaPoverta-Unita-di-Crisi-Post-Social-Media-3.png 1584w\" sizes=\"(max-width: 408px) 100vw, 408px\" \/>[\/vc_column_text][\/vc_column][\/vc_row][vc_row][vc_column width=&#8221;1\/4&#8243;][vc_single_image image=&#8221;536&#8243; alignment=&#8221;center&#8221; onclick=&#8221;custom_link&#8221; img_link_target=&#8221;_blank&#8221; link=&#8221;https:\/\/www.sweden-martina.com\/&#8221;][vc_single_image image=&#8221;1940&#8243; img_size=&#8221;medium&#8221; alignment=&#8221;center&#8221; onclick=&#8221;custom_link&#8221; img_link_target=&#8221;_blank&#8221; link=&#8221;https:\/\/www.assindustriavenetocentro.it\/?opendocument&#8221;][vc_single_image image=&#8221;525&#8243; alignment=&#8221;center&#8221; onclick=&#8221;custom_link&#8221; img_link_target=&#8221;_blank&#8221; link=&#8221;https:\/\/www.fischeritalia.it\/it-it&#8221;][vc_single_image image=&#8221;521&#8243; alignment=&#8221;center&#8221; onclick=&#8221;custom_link&#8221; img_link_target=&#8221;_blank&#8221; link=&#8221;https:\/\/www.carraro.com\/it&#8221;][\/vc_column][vc_column width=&#8221;1\/4&#8243;][vc_single_image image=&#8221;529&#8243; alignment=&#8221;center&#8221; onclick=&#8221;custom_link&#8221; img_link_target=&#8221;_blank&#8221; link=&#8221;http:\/\/www.ristorantemontegrande.it\/&#8221;][vc_single_image image=&#8221;1941&#8243; img_size=&#8221;medium&#8221; alignment=&#8221;center&#8221; onclick=&#8221;custom_link&#8221; img_link_target=&#8221;_blank&#8221; link=&#8221;http:\/\/www.confindustria.venezia.it\/&#8221;][vc_single_image image=&#8221;1932&#8243; alignment=&#8221;center&#8221; onclick=&#8221;custom_link&#8221; img_link_target=&#8221;_blank&#8221; link=&#8221;https:\/\/www.brums.com\/it\/&#8221;][vc_single_image image=&#8221;1936&#8243; alignment=&#8221;center&#8221; onclick=&#8221;custom_link&#8221; img_link_target=&#8221;_blank&#8221; link=&#8221;https:\/\/www.blowtherm.it\/&#8221;][\/vc_column][vc_column width=&#8221;1\/4&#8243;][vc_single_image image=&#8221;519&#8243; alignment=&#8221;center&#8221; onclick=&#8221;custom_link&#8221; img_link_target=&#8221;_blank&#8221; link=&#8221;http:\/\/www.bernardinello.it\/&#8221;][vc_single_image image=&#8221;532&#8243; alignment=&#8221;center&#8221; onclick=&#8221;custom_link&#8221; img_link_target=&#8221;_blank&#8221; link=&#8221;https:\/\/www.pwc.com\/it\/it.html&#8221;][vc_single_image image=&#8221;522&#8243; alignment=&#8221;center&#8221; onclick=&#8221;custom_link&#8221; img_link_target=&#8221;_blank&#8221; link=&#8221;http:\/\/www.criocabin.com\/it&#8221;][vc_single_image image=&#8221;3379&#8243; img_size=&#8221;medium&#8221; alignment=&#8221;center&#8221; onclick=&#8221;custom_link&#8221; img_link_target=&#8221;_blank&#8221; link=&#8221;https:\/\/www.unox.com\/it_it\/&#8221;][\/vc_column][vc_column width=&#8221;1\/4&#8243;][vc_single_image image=&#8221;535&#8243; alignment=&#8221;center&#8221; onclick=&#8221;custom_link&#8221; img_link_target=&#8221;_blank&#8221; link=&#8221;https:\/\/www.facebook.com\/sugopadova\/&#8221;][vc_single_image image=&#8221;527&#8243; alignment=&#8221;center&#8221; onclick=&#8221;custom_link&#8221; img_link_target=&#8221;_blank&#8221; link=&#8221;https:\/\/www.gradientesgr.it\/&#8221;][vc_single_image image=&#8221;1937&#8243; img_size=&#8221;medium&#8221; onclick=&#8221;custom_link&#8221; img_link_target=&#8221;_blank&#8221; link=&#8221;http:\/\/www.acrib.it\/&#8221;][vc_single_image image=&#8221;3395&#8243; img_size=&#8221;full&#8221; alignment=&#8221;center&#8221; onclick=&#8221;custom_link&#8221; img_link_target=&#8221;_blank&#8221; link=&#8221;https:\/\/www.stevanatogroup.com\/it\/&#8221;][\/vc_column][\/vc_row][vc_row][vc_column][\/vc_column][\/vc_row]\n","protected":false},"excerpt":{"rendered":"<p>[vc_row][vc_column][vc_custom_heading text=&#8221;Dalla nostra nascita, oltre ai tanti genitori e medici, si sono uniti alla Salus Pueri moltissimi professionisti, imprenditori, aziende, convinti come noi che la salute del bambino e della bambina di oggi, ossia dell&#8217;uomo e della donna del domani, sia la garanzia pi\u00f9 solida per dare un futuro certo e sereno alla nostra societ\u00e0.&#8221; [&hellip;]<\/p>\n","protected":false},"author":1,"featured_media":5859,"parent":55,"menu_order":0,"comment_status":"closed","ping_status":"closed","template":"","meta":[],"_links":{"self":[{"href":"https:\/\/www.fondazionesaluspueri.it\/index.php\/wp-json\/wp\/v2\/pages\/632"}],"collection":[{"href":"https:\/\/www.fondazionesaluspueri.it\/index.php\/wp-json\/wp\/v2\/pages"}],"about":[{"href":"https:\/\/www.fondazionesaluspueri.it\/index.php\/wp-json\/wp\/v2\/types\/page"}],"author":[{"embeddable":true,"href":"https:\/\/www.fondazionesaluspueri.it\/index.php\/wp-json\/wp\/v2\/users\/1"}],"replies":[{"embeddable":true,"href":"https:\/\/www.fondazionesaluspueri.it\/index.php\/wp-json\/wp\/v2\/comments?post=632"}],"version-history":[{"count":49,"href":"https:\/\/www.fondazionesaluspueri.it\/index.php\/wp-json\/wp\/v2\/pages\/632\/revisions"}],"predecessor-version":[{"id":5864,"href":"https:\/\/www.fondazionesaluspueri.it\/index.php\/wp-json\/wp\/v2\/pages\/632\/revisions\/5864"}],"up":[{"embeddable":true,"href":"https:\/\/www.fondazionesaluspueri.it\/index.php\/wp-json\/wp\/v2\/pages\/55"}],"wp:featuredmedia":[{"embeddable":true,"href":"https:\/\/www.fondazionesaluspueri.it\/index.php\/wp-json\/wp\/v2\/media\/5859"}],"wp:attachment":[{"href":"https:\/\/www.fondazionesaluspueri.it\/index.php\/wp-json\/wp\/v2\/media?parent=632"}],"curies":[{"name":"wp","href":"https:\/\/api.w.org\/{rel}","templated":true}]}}