{"id":6,"date":"2017-11-10T12:43:04","date_gmt":"2017-11-10T12:43:04","guid":{"rendered":"http:\/\/212.237.21.101\/salus\/?page_id=6"},"modified":"2025-07-18T11:05:27","modified_gmt":"2025-07-18T11:05:27","slug":"la-fondazione","status":"publish","type":"page","link":"https:\/\/www.fondazionesaluspueri.it\/index.php\/chi-siamo\/la-fondazione\/","title":{"rendered":"La Fondazione"},"content":{"rendered":"[vc_row][vc_column][vc_custom_heading text=&#8221;La Fondazione Salus Pueri \u00e8 stata costituita nel 1992 con lo scopo di promuovere progetti e raccogliere risorse a favore della Pediatria di Padova, per creare in tutti i suoi aspetti, un vero ospedale a misura di bambino e della sua famiglia.&#8221;][vc_column_text]In questi anni genitori, medici, professionisti, imprenditori, rappresentanti del mondo finanziario ed economico, si sono uniti alla Fondazione condividendo l\u2019idea che la salute del bambino e della bambina di oggi, ossia dell\u2019uomo e della donna del domani, sia la garanzia pi\u00f9 solida per dare un futuro certo e sereno alla nostra societ\u00e0. Questo \u00e8 un impegno sociale a cui non possiamo e non dobbiamo rinunciare.<\/p>\n<p>La Fondazione Salus Pueri \u00e8 stata la prima, ed \u00e8 ancora, l\u2019unica fondazione nel Veneto che sostiene la Pediatria di Padova nella sua globalit\u00e0, ricercando il bene di tutti i bambini e delle loro famiglie indipendentemente dalla loro malattia.[\/vc_column_text][vc_empty_space height=&#8221;50px&#8221;][\/vc_column][\/vc_row][vc_row][vc_column width=&#8221;1\/2&#8243;][mk_title_box color=&#8221;#1e73be&#8221; font_family=&#8221;none&#8221;]\n<h4 style=\"text-align: center;\"><strong>I NOSTRI VALORI<\/strong><\/h4>\n[\/mk_title_box][vc_single_image image=&#8221;4524&#8243; img_size=&#8221;FULL&#8221; onclick=&#8221;img_link_large&#8221;][\/vc_column][vc_column width=&#8221;1\/2&#8243;][mk_title_box color=&#8221;#1e73be&#8221; font_family=&#8221;none&#8221;]\n<h4 style=\"text-align: center;\"><strong>CI SIAMO PRESI IL COMPITO DI<\/strong><\/h4>\n[\/mk_title_box][vc_single_image image=&#8221;4525&#8243; img_size=&#8221;FULL&#8221; onclick=&#8221;img_link_large&#8221;][\/vc_column][\/vc_row][vc_row][vc_column][vc_empty_space height=&#8221;30px&#8221;][vc_btn title=&#8221;Scarica il report delle nostre attivit\u00e0 2024\/2025&#8243; color=&#8221;turquoise&#8221; align=&#8221;center&#8221; link=&#8221;url:https%3A%2F%2Fdrive.google.com%2Ffile%2Fd%2F1sf5aZ0ODGnTdAEHjeyVryE05nk1qgk22%2Fview%3Fusp%3Dsharing|target:_blank|rel:nofollow&#8221;][vc_empty_space height=&#8221;50px&#8221;][vc_video link=&#8221;https:\/\/youtu.be\/QqAwvs1pv20&#8243;][\/vc_column][\/vc_row]\n","protected":false},"excerpt":{"rendered":"<p>[vc_row][vc_column][vc_custom_heading text=&#8221;La Fondazione Salus Pueri \u00e8 stata costituita nel 1992 con lo scopo di promuovere progetti e raccogliere risorse a favore della Pediatria di Padova, per creare in tutti i suoi aspetti, un vero ospedale a misura di bambino e della sua famiglia.&#8221;][vc_column_text]In questi anni genitori, medici, professionisti, imprenditori, rappresentanti del mondo finanziario ed economico, [&hellip;]<\/p>\n","protected":false},"author":1,"featured_media":5857,"parent":7,"menu_order":1,"comment_status":"closed","ping_status":"closed","template":"","meta":[],"_links":{"self":[{"href":"https:\/\/www.fondazionesaluspueri.it\/index.php\/wp-json\/wp\/v2\/pages\/6"}],"collection":[{"href":"https:\/\/www.fondazionesaluspueri.it\/index.php\/wp-json\/wp\/v2\/pages"}],"about":[{"href":"https:\/\/www.fondazionesaluspueri.it\/index.php\/wp-json\/wp\/v2\/types\/page"}],"author":[{"embeddable":true,"href":"https:\/\/www.fondazionesaluspueri.it\/index.php\/wp-json\/wp\/v2\/users\/1"}],"replies":[{"embeddable":true,"href":"https:\/\/www.fondazionesaluspueri.it\/index.php\/wp-json\/wp\/v2\/comments?post=6"}],"version-history":[{"count":51,"href":"https:\/\/www.fondazionesaluspueri.it\/index.php\/wp-json\/wp\/v2\/pages\/6\/revisions"}],"predecessor-version":[{"id":5926,"href":"https:\/\/www.fondazionesaluspueri.it\/index.php\/wp-json\/wp\/v2\/pages\/6\/revisions\/5926"}],"up":[{"embeddable":true,"href":"https:\/\/www.fondazionesaluspueri.it\/index.php\/wp-json\/wp\/v2\/pages\/7"}],"wp:featuredmedia":[{"embeddable":true,"href":"https:\/\/www.fondazionesaluspueri.it\/index.php\/wp-json\/wp\/v2\/media\/5857"}],"wp:attachment":[{"href":"https:\/\/www.fondazionesaluspueri.it\/index.php\/wp-json\/wp\/v2\/media?parent=6"}],"curies":[{"name":"wp","href":"https:\/\/api.w.org\/{rel}","templated":true}]}}