{"id":5145,"date":"2024-05-06T15:06:03","date_gmt":"2024-05-06T15:06:03","guid":{"rendered":"https:\/\/www.fondazionesaluspueri.it\/?page_id=5145"},"modified":"2024-05-08T14:21:29","modified_gmt":"2024-05-08T14:21:29","slug":"5145-2","status":"publish","type":"page","link":"https:\/\/www.fondazionesaluspueri.it\/index.php\/5145-2\/","title":{"rendered":""},"content":{"rendered":"[vc_row][vc_column][vc_column_text]Nell\u2019ambito della collaborazione con il Dipartimento di Salute della Donna e del Bambino dell\u2019Universit\u00e0 di Padova, la Fondazione Salus Pueri e la Fondazione Citt\u00e0 della Speranza, il Calcio Padova ha ospitato allo Stadio Euganeo pi\u00f9 di <strong>200 studenti<\/strong> delle scuole primarie e medie di Padova.<\/p>\n<p>Il progetto \u201cGiovani, Salute e Stili di Vita\u201d, promosso dal Dipartimento di Salute della Donna e del Bambino insieme alla Provincia di Padova, con la presenza del consigliere provinciale con delega alla Cultura Vincenzo Gottardo, e con l\u2019Azienda Ospedaliera, ha beneficiato della collaborazione della Padova Football Academy, che ha messo a disposizione i suoi allenatori, e del MAAP, che ha donato frutta fresca ai ragazzi e promosso la sana alimentazione tra i pi\u00f9 giovani.<\/p>\n<p>Il percorso ha previsto momenti di didattica e di svago, tra cui una visita al museo del Calcio Padova, una lezione e laboratorio a cura dei medici pediatri, momenti di gioco in campo, un&#8217;intera giornata dedicata all&#8217;importanza della corretta e sana alimentazione e dell&#8217;attivit\u00e0 fisica!<\/p>\n<p>\u201cLa salute si costruisce fin da giovani, e il nostro scopo \u00e8 cercare di spiegare ai pi\u00f9 piccoli come fare\u201d, spiega il Prof. Eugenio Baraldi, Direttore del Dipartimento di Salute della Donna e del Bambino e responsabile scientifico del progetto. \u201cL\u2019obiettivo di questi incontri \u00e8 condividere con ragazze e ragazzi l\u2019importanza di stili di vita sani, acquisiti precocemente in et\u00e0 giovanile, per prevenire malattie cardiovascolari, tumori, patologie respiratorie, diabete e obesit\u00e0. Ricordare che uno dei fattori concausali per l\u2019insorgenza di queste malattie sono le abitudini di vita scorrette, come l\u2019inattivit\u00e0 fisica, il tempo eccessivo trascorso davanti agli schermi, una dieta inadeguata, il fumo, l\u2019alcol e la sedentariet\u00e0. Per questo motivo, il programma dell\u2019incontro \u00e8 stato strutturato alternando interventi teorici e attivit\u00e0 pratiche che coinvolgessero attivamente i ragazzi, per costruire una sinergia di concetti e azioni non solo teoriche, ma concrete\u201d.<\/p>\n<p>\u201cOggi siamo qui per parlare di giovani e ai giovani, che rappresentano il nostro futuro. Come societ\u00e0 sportiva, abbiamo il dovere di far conoscere alle nuove generazioni uno stile di vita sano\u201d, ha spiegato il Presidente Francesco Peghin. \u201cAttraverso lo sport, possiamo insegnare ai ragazzi comportamenti salutari da adottare nella vita quotidiana, che possono incidere positivamente sulla salute, migliorando la qualit\u00e0 della vita e il benessere personale\u201d.<\/p>\n<p>\u201cQuesto \u00e8 un progetto importantissimo che la Provincia ha coordinato, in citt\u00e0 e nel territorio provinciale. \u2013 ha dichiarato Vincenzo Gottardo, consigliere provinciale con delega alla Cultura \u2013 Abbiamo incontrato una volta al mese con i giovani ed individuato i migliori stili di vita con incontri ad hoc. Avere questa mappatura di queste scuole secondarie ci da oggi nuovi stimoli per una nuova programmazione per la prossima stagione. Gli studenti degli scuole superiori rincasano intorno alle 14:30, chi ha il rientro pomeridiano verso le 18:30. Il conseguente stile di vita impone modalit\u00e0 di alimentazione non sempre sane e di qualit\u00e0. Una formazione e un modo di vivere la scuola molto informatizzato, implicando stili di vita che possono essere corretti. Servono momenti di sport da integrare allo studio. Gli studenti sono molto reattivi e ricettivi, adottare stili di vita sani aiutano a migliorare la qualit\u00e0 della vita\u201d.<\/p>\n<p>\u201cL\u2019iniziativa \u00e8 stata voluta per avvicinare il mondo della scuola e della salute sempre pi\u00f9 al Calcio Padova e ai valori sportivi e di sano stile di vita che contraddistinguono il nostro sport\u201d, ha spiegato Gianni Potti, consigliere con delega alla comunicazione e relazioni esterne\u201d.[\/vc_column_text][\/vc_column][\/vc_row][vc_row][vc_column][vc_gallery interval=&#8221;3&#8243; images=&#8221;5163,5164,5147,5150,5152,5153,5154,5156,5159,5160,5161,5162,5165&#8243; img_size=&#8221;full&#8221;][\/vc_column][\/vc_row]\n","protected":false},"excerpt":{"rendered":"<p>[vc_row][vc_column][vc_column_text]Nell\u2019ambito della collaborazione con il Dipartimento di Salute della Donna e del Bambino dell\u2019Universit\u00e0 di Padova, la Fondazione Salus Pueri e la Fondazione Citt\u00e0 della Speranza, il Calcio Padova ha ospitato allo Stadio Euganeo pi\u00f9 di 200 studenti delle scuole primarie e medie di Padova. Il progetto \u201cGiovani, Salute e Stili di Vita\u201d, promosso dal [&hellip;]<\/p>\n","protected":false},"author":3,"featured_media":0,"parent":0,"menu_order":0,"comment_status":"closed","ping_status":"closed","template":"","meta":[],"_links":{"self":[{"href":"https:\/\/www.fondazionesaluspueri.it\/index.php\/wp-json\/wp\/v2\/pages\/5145"}],"collection":[{"href":"https:\/\/www.fondazionesaluspueri.it\/index.php\/wp-json\/wp\/v2\/pages"}],"about":[{"href":"https:\/\/www.fondazionesaluspueri.it\/index.php\/wp-json\/wp\/v2\/types\/page"}],"author":[{"embeddable":true,"href":"https:\/\/www.fondazionesaluspueri.it\/index.php\/wp-json\/wp\/v2\/users\/3"}],"replies":[{"embeddable":true,"href":"https:\/\/www.fondazionesaluspueri.it\/index.php\/wp-json\/wp\/v2\/comments?post=5145"}],"version-history":[{"count":4,"href":"https:\/\/www.fondazionesaluspueri.it\/index.php\/wp-json\/wp\/v2\/pages\/5145\/revisions"}],"predecessor-version":[{"id":5226,"href":"https:\/\/www.fondazionesaluspueri.it\/index.php\/wp-json\/wp\/v2\/pages\/5145\/revisions\/5226"}],"wp:attachment":[{"href":"https:\/\/www.fondazionesaluspueri.it\/index.php\/wp-json\/wp\/v2\/media?parent=5145"}],"curies":[{"name":"wp","href":"https:\/\/api.w.org\/{rel}","templated":true}]}}