{"id":4407,"date":"2023-01-27T09:53:43","date_gmt":"2023-01-27T09:53:43","guid":{"rendered":"https:\/\/www.fondazionesaluspueri.it\/?page_id=4407"},"modified":"2023-01-27T09:56:02","modified_gmt":"2023-01-27T09:56:02","slug":"mobilization-in-tip","status":"publish","type":"page","link":"https:\/\/www.fondazionesaluspueri.it\/index.php\/progetti\/vivere-intensamente\/mobilization-in-tip\/","title":{"rendered":"MobilizatiON in TIP"},"content":{"rendered":"[vc_row][vc_column][vc_custom_heading text=&#8221;MobilizatiON: la mobilizzazione precoce in Terapia Intensiva Pediatrica&#8221;][\/vc_column][\/vc_row][vc_row][vc_column][vc_column_text]Attualmente, i bambini ricoverati nel reparto di Terapia Intensiva Pediatrica sono, nella maggior parte dei casi, costretti a rimanere a letto per lunghi periodi e, nelle fasi pi\u00f9 critiche della malattia, le terapie sedative li portano a una totale immobilit\u00e0 per diversi giorni. Al risveglio il recupero della mobilit\u00e0 \u00e8 per loro lento, difficoltoso e doloroso, sia per l&#8217;atrofia dei muscoli che per la rigidit\u00e0 delle articolazioni ta all&#8217;eccesivo periodo di immobilit\u00e0. Le sequele fisiche, neuro-cognitive e psicologiche dopo un ricovero in Terapia Intensiva sono note come Post Intensive Care Syndrome pediatrica. (p-PICS).<\/p>\n<p>Lavori scientifici, condotti in Centri anglosassoni, hanno dimostrato che la riabilitazione e la mobilizzazione attiva precoce ( ovvero lo stimolo e l&#8217;assistenza all&#8217;esecuzione di movimenti ed esercizi nella fase di risveglio) permette un recupero funzionale pi\u00f9 rapido e completo, riducendo i tempi i tempi di ventilazione, degenza e l&#8217;incidenza della p-PICS. Ci\u00f2 \u00e8 possibile grazie alla presenza regolare, all&#8217;interno del reparto, di una persona che abbia competenze specifiche in fisioterapia motoria pediatrica, e che aiuti i nostri bambini a superare pi\u00f9 facilmente e pi\u00f9 rapidamente le complicanze legate a un prolungato ricovero.[\/vc_column_text][vc_empty_space][\/vc_column][\/vc_row][vc_row][vc_column][vc_column_text]\n<h3><strong>Il nostro obiettivo \u00e8 quello di raccogliere risorse necessarie per:<\/strong><\/h3>\n[\/vc_column_text][\/vc_column][\/vc_row][vc_row][vc_column][vc_column_text]\n<ul>\n<li>Il sostegno di figure professionali specializzate in fisioterapia pediatrica<\/li>\n<li>acquisto di attrezzature adeguate al tipo di cura<\/li>\n<li>formazione del personale medico e infermieristico<\/li>\n<\/ul>\n[\/vc_column_text][\/vc_column][\/vc_row][vc_row][vc_column][vc_column_text]<span class=\"s1\"><strong>sostieni anche tu il progetto, puoi aiutarci con:<\/strong><\/span><span class=\"s1\"><br \/>\n<\/span><\/p>\n<p><span class=\"s1\">una donazione tramite bonifico intestato a Fondazione Salus Pueri<br \/>\n<\/span><span class=\"s1\">Banca Monte dei Paschi di Siena<br \/>\n<\/span><span class=\"s1\">IBAN: IT76V0103012197000000535078<\/span><\/p>\n<p>Causale: Erogazione liberale progetto Mobilization in TIP[\/vc_column_text][\/vc_column][\/vc_row]\n","protected":false},"excerpt":{"rendered":"<p>[vc_row][vc_column][vc_custom_heading text=&#8221;MobilizatiON: la mobilizzazione precoce in Terapia Intensiva Pediatrica&#8221;][\/vc_column][\/vc_row][vc_row][vc_column][vc_column_text]Attualmente, i bambini ricoverati nel reparto di Terapia Intensiva Pediatrica sono, nella maggior parte dei casi, costretti a rimanere a letto per lunghi periodi e, nelle fasi pi\u00f9 critiche della malattia, le terapie sedative li portano a una totale immobilit\u00e0 per diversi giorni. Al risveglio il recupero [&hellip;]<\/p>\n","protected":false},"author":3,"featured_media":4408,"parent":1851,"menu_order":0,"comment_status":"closed","ping_status":"closed","template":"","meta":[],"_links":{"self":[{"href":"https:\/\/www.fondazionesaluspueri.it\/index.php\/wp-json\/wp\/v2\/pages\/4407"}],"collection":[{"href":"https:\/\/www.fondazionesaluspueri.it\/index.php\/wp-json\/wp\/v2\/pages"}],"about":[{"href":"https:\/\/www.fondazionesaluspueri.it\/index.php\/wp-json\/wp\/v2\/types\/page"}],"author":[{"embeddable":true,"href":"https:\/\/www.fondazionesaluspueri.it\/index.php\/wp-json\/wp\/v2\/users\/3"}],"replies":[{"embeddable":true,"href":"https:\/\/www.fondazionesaluspueri.it\/index.php\/wp-json\/wp\/v2\/comments?post=4407"}],"version-history":[{"count":9,"href":"https:\/\/www.fondazionesaluspueri.it\/index.php\/wp-json\/wp\/v2\/pages\/4407\/revisions"}],"predecessor-version":[{"id":4420,"href":"https:\/\/www.fondazionesaluspueri.it\/index.php\/wp-json\/wp\/v2\/pages\/4407\/revisions\/4420"}],"up":[{"embeddable":true,"href":"https:\/\/www.fondazionesaluspueri.it\/index.php\/wp-json\/wp\/v2\/pages\/1851"}],"wp:featuredmedia":[{"embeddable":true,"href":"https:\/\/www.fondazionesaluspueri.it\/index.php\/wp-json\/wp\/v2\/media\/4408"}],"wp:attachment":[{"href":"https:\/\/www.fondazionesaluspueri.it\/index.php\/wp-json\/wp\/v2\/media?parent=4407"}],"curies":[{"name":"wp","href":"https:\/\/api.w.org\/{rel}","templated":true}]}}