{"id":42,"date":"2017-11-14T17:18:51","date_gmt":"2017-11-14T17:18:51","guid":{"rendered":"http:\/\/212.237.21.101\/salus\/?page_id=42"},"modified":"2019-06-03T14:09:01","modified_gmt":"2019-06-03T14:09:01","slug":"baby-avatar","status":"publish","type":"page","link":"https:\/\/www.fondazionesaluspueri.it\/index.php\/progetti\/baby-avatar\/","title":{"rendered":"Baby Avatar"},"content":{"rendered":"[vc_row][vc_column][vc_column_text]Baby Avatar \u00e8 un progetto di &#8220;robot therapy&#8221; che ha l&#8217;obiettivo di accogliere i piccoli pazienti della Pediatria, di distrarli il pi\u00f9 possibile dalle paure per un intervento o dai dolori di una terapia. Pepper, un robot umanoide, sar\u00e0 in grado, di intrattenere i nostri piccoli ospiti parlando, cantando o ballando.<\/p>\n<p>L&#8217;intento \u00e8 estendere questa opportunit\u00e0 a tutti gli ospiti della Pediatria, anche a quelli che manifestano gravi deficit neuromotori. Per far questo si utilizzeranno delle tecnologie all&#8217;avanguardia che permetteranno di controllare il robot da remoto, cio\u00e8 con il pensiero.<\/p>\n<p>Il progetto e l&#8217;intero operato del robottino saranno analizzati da un&#8217;equipe di ricercatori. Questi valuteranno se lo strumento \u00e8 in grado di facilitare il lavoro dello staff medico ed infermieristico e di migliorare l&#8217;umore dei piccoli pazienti.<\/p>\n<p>La Fondazione Salus Pueri dal 2017 si impegna a sostenere il progetto &#8220;Baby Avatar&#8221; attraverso le seguenti azioni:<br \/>\nEstendere la &#8220;robot therapy&#8221; a tutti i bambini ricoverati nel centro di cure palliative della clinica pediatrica anche in presenza di gravi deficit neuromotori<br \/>\nSostenere lo studio sperimentale senza precedenti in Italia sullo sviluppo e l&#8217;utilizzo della &#8220;robot therapy&#8221; nell&#8217;ambito delle cure antalgiche<br \/>\nAcquisire e dotare il centro di cure palliative della clinica pediatrica di tutta l&#8217;attrezzatura di ultima generazione necessaria e il personale altamente specializzato[\/vc_column_text][\/vc_column][\/vc_row]\n","protected":false},"excerpt":{"rendered":"<p>[vc_row][vc_column][vc_column_text]Baby Avatar \u00e8 un progetto di &#8220;robot therapy&#8221; che ha l&#8217;obiettivo di accogliere i piccoli pazienti della Pediatria, di distrarli il pi\u00f9 possibile dalle paure per un intervento o dai dolori di una terapia. Pepper, un robot umanoide, sar\u00e0 in grado, di intrattenere i nostri piccoli ospiti parlando, cantando o ballando. L&#8217;intento \u00e8 estendere questa [&hellip;]<\/p>\n","protected":false},"author":1,"featured_media":0,"parent":25,"menu_order":4,"comment_status":"closed","ping_status":"closed","template":"","meta":[],"_links":{"self":[{"href":"https:\/\/www.fondazionesaluspueri.it\/index.php\/wp-json\/wp\/v2\/pages\/42"}],"collection":[{"href":"https:\/\/www.fondazionesaluspueri.it\/index.php\/wp-json\/wp\/v2\/pages"}],"about":[{"href":"https:\/\/www.fondazionesaluspueri.it\/index.php\/wp-json\/wp\/v2\/types\/page"}],"author":[{"embeddable":true,"href":"https:\/\/www.fondazionesaluspueri.it\/index.php\/wp-json\/wp\/v2\/users\/1"}],"replies":[{"embeddable":true,"href":"https:\/\/www.fondazionesaluspueri.it\/index.php\/wp-json\/wp\/v2\/comments?post=42"}],"version-history":[{"count":3,"href":"https:\/\/www.fondazionesaluspueri.it\/index.php\/wp-json\/wp\/v2\/pages\/42\/revisions"}],"predecessor-version":[{"id":1853,"href":"https:\/\/www.fondazionesaluspueri.it\/index.php\/wp-json\/wp\/v2\/pages\/42\/revisions\/1853"}],"up":[{"embeddable":true,"href":"https:\/\/www.fondazionesaluspueri.it\/index.php\/wp-json\/wp\/v2\/pages\/25"}],"wp:attachment":[{"href":"https:\/\/www.fondazionesaluspueri.it\/index.php\/wp-json\/wp\/v2\/media?parent=42"}],"curies":[{"name":"wp","href":"https:\/\/api.w.org\/{rel}","templated":true}]}}