{"id":29,"date":"2017-11-13T23:18:16","date_gmt":"2017-11-13T23:18:16","guid":{"rendered":"http:\/\/212.237.21.101\/salus\/?page_id=29"},"modified":"2017-11-13T23:18:16","modified_gmt":"2017-11-13T23:18:16","slug":"dammi-una-mano","status":"publish","type":"page","link":"https:\/\/www.fondazionesaluspueri.it\/index.php\/progetti\/dammi-una-mano\/","title":{"rendered":"Dammi una mano"},"content":{"rendered":"[vc_row][vc_column][vc_column_text]Sostieni la Terapia Intensiva Neonatale e il Nido della Pediatria di Padova<br \/>\nSostieni i neonati e le loro famiglie nel difficile cammino della crescita.<\/p>\n<p>La Fondazione Salus Pueri raccoglie fondi a supporto dell&#8217;attivit\u00e0 del Reparto di Terapia Intensiva Neonatale e del Nido della Pediatria di Padova che accoglie tutti i neonati con un difficoltoso inizio vita.<\/p>\n<p>La Terapia Intensiva Neonatale e Patologia Neonatale \u00e8 Centro di Terzo Livello per i neonati venuti al mondo prima della 37esima settimana di gestazione (vengono ricoverati oltre 100 bambini all&#8217;anno con peso inferiore a 1500 grammi) e i neonati con patologie gravi, che richiedono strutture e professionalit\u00e0 multi specialistiche.<br \/>\nPer mantenere l&#8217;eccellenza clinica, \u00e8  necessario rinnovare la Terapia Intensiva Neonatale e il Nido, che \u00e8 la casa per 4.000 beb\u00e8 cha nascono ogni anno. Servono risorse umane e tecnologiche ma anche moderni interventi strutturali.<\/p>\n<p>Sostieni anche tu il reparto, dacci una mano e aiuta tanti bambini a crescere![\/vc_column_text][\/vc_column][\/vc_row]\n","protected":false},"excerpt":{"rendered":"<p>[vc_row][vc_column][vc_column_text]Sostieni la Terapia Intensiva Neonatale e il Nido della Pediatria di Padova Sostieni i neonati e le loro famiglie nel difficile cammino della crescita. La Fondazione Salus Pueri raccoglie fondi a supporto dell&#8217;attivit\u00e0 del Reparto di Terapia Intensiva Neonatale e del Nido della Pediatria di Padova che accoglie tutti i neonati con un difficoltoso inizio [&hellip;]<\/p>\n","protected":false},"author":1,"featured_media":0,"parent":25,"menu_order":1,"comment_status":"closed","ping_status":"closed","template":"","meta":[],"_links":{"self":[{"href":"https:\/\/www.fondazionesaluspueri.it\/index.php\/wp-json\/wp\/v2\/pages\/29"}],"collection":[{"href":"https:\/\/www.fondazionesaluspueri.it\/index.php\/wp-json\/wp\/v2\/pages"}],"about":[{"href":"https:\/\/www.fondazionesaluspueri.it\/index.php\/wp-json\/wp\/v2\/types\/page"}],"author":[{"embeddable":true,"href":"https:\/\/www.fondazionesaluspueri.it\/index.php\/wp-json\/wp\/v2\/users\/1"}],"replies":[{"embeddable":true,"href":"https:\/\/www.fondazionesaluspueri.it\/index.php\/wp-json\/wp\/v2\/comments?post=29"}],"version-history":[{"count":1,"href":"https:\/\/www.fondazionesaluspueri.it\/index.php\/wp-json\/wp\/v2\/pages\/29\/revisions"}],"predecessor-version":[{"id":30,"href":"https:\/\/www.fondazionesaluspueri.it\/index.php\/wp-json\/wp\/v2\/pages\/29\/revisions\/30"}],"up":[{"embeddable":true,"href":"https:\/\/www.fondazionesaluspueri.it\/index.php\/wp-json\/wp\/v2\/pages\/25"}],"wp:attachment":[{"href":"https:\/\/www.fondazionesaluspueri.it\/index.php\/wp-json\/wp\/v2\/media?parent=29"}],"curies":[{"name":"wp","href":"https:\/\/api.w.org\/{rel}","templated":true}]}}