{"id":2374,"date":"2020-01-20T15:34:23","date_gmt":"2020-01-20T15:34:23","guid":{"rendered":"https:\/\/www.fondazionesaluspueri.it\/?page_id=2374"},"modified":"2021-06-03T13:07:19","modified_gmt":"2021-06-03T13:07:19","slug":"come-stanno-i-ragazzi","status":"publish","type":"page","link":"https:\/\/www.fondazionesaluspueri.it\/index.php\/progetti\/come-stanno-i-ragazzi\/","title":{"rendered":"Docufilm Come stanno i ragazzi"},"content":{"rendered":"[vc_row][vc_column][vc_column_text]In Italia il <strong>suicidio \u00e8 la seconda causa di morte tra gli adolescenti<\/strong>, eppure i disturbi dei ragazzi sono un tab\u00f9 di cui non si parla.<br \/>\nPer alcuni di loro la salute mentale \u00e8 una conquista, che giunge al fine di cammini difficili duranti i quali si sono dovuti affrontare ostacoli importanti e momenti di dolore e disorientamento profondo.<br \/>\n<strong>&#8220;Come stanno i ragazzi&#8221;<\/strong>\u00a0\u00e8 un<strong> film documentario<\/strong> che <strong>racconta<\/strong> la realt\u00e0 della sofferenza psichica in et\u00e0 evolutiva, attraverso le\u00a0<strong>storie<\/strong> di questi <strong>ragazzi<\/strong>, cos\u00ec <strong>spesso nascoste o non ascoltate<\/strong>,<strong> cercando di scalfire il muro di silenzio<\/strong> che circonda la vita di molti di loro e delle loro famiglie, trasformando le parole in un messaggio di speranza.<\/p>\n<p>Il docufilm non vuole dare una visione approfondita di tutti gli aspetti e i molteplici angoli di lettura del fenomeno del disagio psichico e psichiatrico a cui i giovani possono andare incontro, n\u00e9 vuole dare soluzioni complete e precise. Lo scopo primo \u00e8 quello di di<strong> essere utilizzato come strumento<\/strong> per<strong> stimolare una riflessione e un dibattito<\/strong>, affinch\u00e8 la societ\u00e0 nel suo complesso sia in grado di riconoscere il problema e assumersi le responsabilit\u00e0 che le competono.[\/vc_column_text][vc_btn title=&#8221;DISPONIBILE SU RAI PLAY&#8221; color=&#8221;danger&#8221; link=&#8221;url:https%3A%2F%2Fwww.raiplay.it%2Fprogrammi%2Fcomestannoiragazzi||target:%20_blank|&#8221;][vc_column_text]\n<h5>PREMI<\/h5>\n<p>&#8211; MIGLIOR FILM DOCUMENTARIO VOTATO DAL PUBBLICO al <strong>Docud\u00ec &#8211; Concorso Cinema Documentario<\/strong> 2020 di Pescara<\/p>\n<p>&#8211; MENZIONE SPECIALE SEZIONE LUNGOMETRAGGI allo <strong>Spiraglio Film Festival della Salute Mentale<\/strong>\u00a02021 di Roma[\/vc_column_text][vc_video link=&#8221;https:\/\/www.youtube.com\/watch?v=hYOxIu_hFLo&#8221;][vc_column_text]Registi: Alessandro Tosatto e Andrea Battistuzzi<br \/>\nUna produzione di<b> <a href=\"https:\/\/www.nextnewmedia.it\/\" target=\"_blank\" rel=\"noopener\">Next New Media<\/a>\u00a0<\/b><br \/>\nIn collaborazione con <strong>U.O.C. Neuropsichiatria Infantile di Padova<\/strong><br \/>\nRealizzato con il sostegno di <strong>Fondazione Salus Pueri<\/strong> e <strong>Dipartimento di Salute della Donna e del Bambino<\/strong>[\/vc_column_text][\/vc_column][\/vc_row]\n","protected":false},"excerpt":{"rendered":"<p>[vc_row][vc_column][vc_column_text]In Italia il suicidio \u00e8 la seconda causa di morte tra gli adolescenti, eppure i disturbi dei ragazzi sono un tab\u00f9 di cui non si parla. Per alcuni di loro la salute mentale \u00e8 una conquista, che giunge al fine di cammini difficili duranti i quali si sono dovuti affrontare ostacoli importanti e momenti di [&hellip;]<\/p>\n","protected":false},"author":3,"featured_media":3590,"parent":25,"menu_order":0,"comment_status":"closed","ping_status":"closed","template":"","meta":[],"_links":{"self":[{"href":"https:\/\/www.fondazionesaluspueri.it\/index.php\/wp-json\/wp\/v2\/pages\/2374"}],"collection":[{"href":"https:\/\/www.fondazionesaluspueri.it\/index.php\/wp-json\/wp\/v2\/pages"}],"about":[{"href":"https:\/\/www.fondazionesaluspueri.it\/index.php\/wp-json\/wp\/v2\/types\/page"}],"author":[{"embeddable":true,"href":"https:\/\/www.fondazionesaluspueri.it\/index.php\/wp-json\/wp\/v2\/users\/3"}],"replies":[{"embeddable":true,"href":"https:\/\/www.fondazionesaluspueri.it\/index.php\/wp-json\/wp\/v2\/comments?post=2374"}],"version-history":[{"count":12,"href":"https:\/\/www.fondazionesaluspueri.it\/index.php\/wp-json\/wp\/v2\/pages\/2374\/revisions"}],"predecessor-version":[{"id":3666,"href":"https:\/\/www.fondazionesaluspueri.it\/index.php\/wp-json\/wp\/v2\/pages\/2374\/revisions\/3666"}],"up":[{"embeddable":true,"href":"https:\/\/www.fondazionesaluspueri.it\/index.php\/wp-json\/wp\/v2\/pages\/25"}],"wp:featuredmedia":[{"embeddable":true,"href":"https:\/\/www.fondazionesaluspueri.it\/index.php\/wp-json\/wp\/v2\/media\/3590"}],"wp:attachment":[{"href":"https:\/\/www.fondazionesaluspueri.it\/index.php\/wp-json\/wp\/v2\/media?parent=2374"}],"curies":[{"name":"wp","href":"https:\/\/api.w.org\/{rel}","templated":true}]}}