{"id":2130,"date":"2019-10-18T11:50:45","date_gmt":"2019-10-18T11:50:45","guid":{"rendered":"https:\/\/www.fondazionesaluspueri.it\/?page_id=2130"},"modified":"2021-04-21T14:49:09","modified_gmt":"2021-04-21T14:49:09","slug":"potenziamento-equipe","status":"publish","type":"page","link":"https:\/\/www.fondazionesaluspueri.it\/index.php\/progetti\/potenziamento-equipe\/","title":{"rendered":"potenziamento equipe"},"content":{"rendered":"[vc_row][vc_column][vc_column_text]Con i fondi raccolti attraverso la maratona di Padova siamo riusciti a consolidare la squadra dell&#8217;U.O.C. di Neuropsichiatria Infantile attraverso il <strong>potenziamento di due incarichi<\/strong> di formazione e supporto assistenziale.<\/p>\n<p>Investire i fondi raccolti per potenziare l&#8217;\u00e9quipe che si occupa della fase di valutazione, supporto e terapia dei pazienti ricoverati presso il reparto di Neuropsichiatria Infantile, cos\u00ec come investire sulla formazione continua e l&#8217;aggiornamento del personale per lo sviluppo di competenze comunicative, relazionali ed empatiche, \u00e8 stata e sar\u00e0 in futuro una necessit\u00e0 primaria.[\/vc_column_text][\/vc_column][\/vc_row]\n","protected":false},"excerpt":{"rendered":"<p>[vc_row][vc_column][vc_column_text]Con i fondi raccolti attraverso la maratona di Padova siamo riusciti a consolidare la squadra dell&#8217;U.O.C. di Neuropsichiatria Infantile attraverso il potenziamento di due incarichi di formazione e supporto assistenziale. Investire i fondi raccolti per potenziare l&#8217;\u00e9quipe che si occupa della fase di valutazione, supporto e terapia dei pazienti ricoverati presso il reparto di Neuropsichiatria [&hellip;]<\/p>\n","protected":false},"author":3,"featured_media":3591,"parent":25,"menu_order":0,"comment_status":"closed","ping_status":"closed","template":"","meta":[],"_links":{"self":[{"href":"https:\/\/www.fondazionesaluspueri.it\/index.php\/wp-json\/wp\/v2\/pages\/2130"}],"collection":[{"href":"https:\/\/www.fondazionesaluspueri.it\/index.php\/wp-json\/wp\/v2\/pages"}],"about":[{"href":"https:\/\/www.fondazionesaluspueri.it\/index.php\/wp-json\/wp\/v2\/types\/page"}],"author":[{"embeddable":true,"href":"https:\/\/www.fondazionesaluspueri.it\/index.php\/wp-json\/wp\/v2\/users\/3"}],"replies":[{"embeddable":true,"href":"https:\/\/www.fondazionesaluspueri.it\/index.php\/wp-json\/wp\/v2\/comments?post=2130"}],"version-history":[{"count":7,"href":"https:\/\/www.fondazionesaluspueri.it\/index.php\/wp-json\/wp\/v2\/pages\/2130\/revisions"}],"predecessor-version":[{"id":3517,"href":"https:\/\/www.fondazionesaluspueri.it\/index.php\/wp-json\/wp\/v2\/pages\/2130\/revisions\/3517"}],"up":[{"embeddable":true,"href":"https:\/\/www.fondazionesaluspueri.it\/index.php\/wp-json\/wp\/v2\/pages\/25"}],"wp:featuredmedia":[{"embeddable":true,"href":"https:\/\/www.fondazionesaluspueri.it\/index.php\/wp-json\/wp\/v2\/media\/3591"}],"wp:attachment":[{"href":"https:\/\/www.fondazionesaluspueri.it\/index.php\/wp-json\/wp\/v2\/media?parent=2130"}],"curies":[{"name":"wp","href":"https:\/\/api.w.org\/{rel}","templated":true}]}}