{"id":1851,"date":"2019-06-03T14:09:19","date_gmt":"2019-06-03T14:09:19","guid":{"rendered":"https:\/\/www.fondazionesaluspueri.it\/?page_id=1851"},"modified":"2019-06-03T14:09:19","modified_gmt":"2019-06-03T14:09:19","slug":"vivere-intensamente","status":"publish","type":"page","link":"https:\/\/www.fondazionesaluspueri.it\/index.php\/progetti\/vivere-intensamente\/","title":{"rendered":"Vivere Intensamente"},"content":{"rendered":"[vc_row][vc_column][vc_column_text]La Terapia Intensiva Pediatrica di Padova \u00e8 un centro di riferimento regionale per il bambino in condizioni critiche. Ogni anno accoglie 400-450 bambini e ragazzi fino ai 18 anni affetti da malattie mediche o chirurgiche che necessitano di cure intensive. Il paziente ricoverato in terapia intensiva si trova in una situazione complessa sotto l\u2019aspetto fisiopatologico, psicologico e altre variabili che caratterizzano questo evento come critico. La gestione assistenziale di questi pazienti \u00e8 molto delicata ed impegnativa. Per questo il personale medico e infermieristico \u00e8 altamente qualificato nell&#8217;offrire il monitoraggio e le cure pi\u00f9 avanzate, ponendo una particolare attenzione nel garantire il benessere dei piccoli pazienti e nella presa in carico della famiglia in un momento difficile come il ricovero di un figlio in terapia intensiva.<\/p>\n<p>La Fondazione Salus Pueri dal 2019 si impegna a sostenere il progetto \u201cVivere Intensamente\u201d attraverso le seguenti azioni:<\/p>\n<p>Campagna di informazione e sensibilizzazione sull\u2019importanza e le necessit\u00e0 di un reparto di Terapia Intensiva Pediatrica;<\/p>\n<p>Umanizzazione delle cure attraverso il progetto \u201cSoffitto a colori\u201d, per l\u2019allestimento di una nuova Terapia Intensiva Pediatrica;<\/p>\n<p>Formazione del personale medico ed infermieristico per mantenere competenze e conoscenze aggiornate;<\/p>\n<p>Acquisto di attrezzature per il mantenimento di un\u2019assistenza, monitoraggio e cura d\u2019avanguardia.[\/vc_column_text][\/vc_column][\/vc_row]\n","protected":false},"excerpt":{"rendered":"<p>[vc_row][vc_column][vc_column_text]La Terapia Intensiva Pediatrica di Padova \u00e8 un centro di riferimento regionale per il bambino in condizioni critiche. Ogni anno accoglie 400-450 bambini e ragazzi fino ai 18 anni affetti da malattie mediche o chirurgiche che necessitano di cure intensive. Il paziente ricoverato in terapia intensiva si trova in una situazione complessa sotto l\u2019aspetto fisiopatologico, [&hellip;]<\/p>\n","protected":false},"author":3,"featured_media":0,"parent":25,"menu_order":3,"comment_status":"closed","ping_status":"closed","template":"","meta":[],"_links":{"self":[{"href":"https:\/\/www.fondazionesaluspueri.it\/index.php\/wp-json\/wp\/v2\/pages\/1851"}],"collection":[{"href":"https:\/\/www.fondazionesaluspueri.it\/index.php\/wp-json\/wp\/v2\/pages"}],"about":[{"href":"https:\/\/www.fondazionesaluspueri.it\/index.php\/wp-json\/wp\/v2\/types\/page"}],"author":[{"embeddable":true,"href":"https:\/\/www.fondazionesaluspueri.it\/index.php\/wp-json\/wp\/v2\/users\/3"}],"replies":[{"embeddable":true,"href":"https:\/\/www.fondazionesaluspueri.it\/index.php\/wp-json\/wp\/v2\/comments?post=1851"}],"version-history":[{"count":2,"href":"https:\/\/www.fondazionesaluspueri.it\/index.php\/wp-json\/wp\/v2\/pages\/1851\/revisions"}],"predecessor-version":[{"id":3598,"href":"https:\/\/www.fondazionesaluspueri.it\/index.php\/wp-json\/wp\/v2\/pages\/1851\/revisions\/3598"}],"up":[{"embeddable":true,"href":"https:\/\/www.fondazionesaluspueri.it\/index.php\/wp-json\/wp\/v2\/pages\/25"}],"wp:attachment":[{"href":"https:\/\/www.fondazionesaluspueri.it\/index.php\/wp-json\/wp\/v2\/media?parent=1851"}],"curies":[{"name":"wp","href":"https:\/\/api.w.org\/{rel}","templated":true}]}}