{"id":180,"date":"2017-11-16T16:52:45","date_gmt":"2017-11-16T16:52:45","guid":{"rendered":"http:\/\/212.237.21.101\/salus\/?page_id=180"},"modified":"2025-05-09T10:16:01","modified_gmt":"2025-05-09T10:16:01","slug":"donazioni-in-memoria","status":"publish","type":"page","link":"https:\/\/www.fondazionesaluspueri.it\/index.php\/come-donare\/donazioni-in-memoria\/","title":{"rendered":"DONAZIONI IN MEMORIA"},"content":{"rendered":"[vc_row][vc_column][vc_custom_heading text=&#8221;Il ricordo di una persona scomparsa \u00e8 molto importante e per questo motivo la tua donazione in ricordo del tuo caro ha ancora pi\u00f9 valore.&#8221; font_container=&#8221;tag:h1|text_align:left&#8221;][\/vc_column][\/vc_row][vc_row][vc_column][vc_column_text]Sempre pi\u00f9 famiglie decidono di rinunciare ai fiori per donare il corrispettivo a sostegno delle attivit\u00e0 a favore dei bambini e delle famiglie della Pediatria di Padova e commemorare cos\u00ec la persona scomparsa.<\/p>\n<p>La vostra donazione contribuir\u00e0 a regalare un futuro migliore a molti bambini ricoverati in Pediatria.<\/p>\n<p>Potete realizzare una donazione in memoria con un bonifico intestato a:<\/p>\n<p><span class=\"s1\">Fondazione Salus Pueri<br \/>\n<\/span><span class=\"s1\">Banca Monte dei Paschi di Siena<br \/>\n<\/span><span class=\"s1\">IBAN: IT76V0103012197000000535078<\/span><\/p>\n<p>indicando nella causale il nome del vostro caro.[\/vc_column_text][\/vc_column][\/vc_row]\n","protected":false},"excerpt":{"rendered":"<p>[vc_row][vc_column][vc_custom_heading text=&#8221;Il ricordo di una persona scomparsa \u00e8 molto importante e per questo motivo la tua donazione in ricordo del tuo caro ha ancora pi\u00f9 valore.&#8221; font_container=&#8221;tag:h1|text_align:left&#8221;][\/vc_column][\/vc_row][vc_row][vc_column][vc_column_text]Sempre pi\u00f9 famiglie decidono di rinunciare ai fiori per donare il corrispettivo a sostegno delle attivit\u00e0 a favore dei bambini e delle famiglie della Pediatria di Padova e commemorare [&hellip;]<\/p>\n","protected":false},"author":1,"featured_media":5861,"parent":55,"menu_order":0,"comment_status":"closed","ping_status":"closed","template":"","meta":[],"_links":{"self":[{"href":"https:\/\/www.fondazionesaluspueri.it\/index.php\/wp-json\/wp\/v2\/pages\/180"}],"collection":[{"href":"https:\/\/www.fondazionesaluspueri.it\/index.php\/wp-json\/wp\/v2\/pages"}],"about":[{"href":"https:\/\/www.fondazionesaluspueri.it\/index.php\/wp-json\/wp\/v2\/types\/page"}],"author":[{"embeddable":true,"href":"https:\/\/www.fondazionesaluspueri.it\/index.php\/wp-json\/wp\/v2\/users\/1"}],"replies":[{"embeddable":true,"href":"https:\/\/www.fondazionesaluspueri.it\/index.php\/wp-json\/wp\/v2\/comments?post=180"}],"version-history":[{"count":12,"href":"https:\/\/www.fondazionesaluspueri.it\/index.php\/wp-json\/wp\/v2\/pages\/180\/revisions"}],"predecessor-version":[{"id":3782,"href":"https:\/\/www.fondazionesaluspueri.it\/index.php\/wp-json\/wp\/v2\/pages\/180\/revisions\/3782"}],"up":[{"embeddable":true,"href":"https:\/\/www.fondazionesaluspueri.it\/index.php\/wp-json\/wp\/v2\/pages\/55"}],"wp:featuredmedia":[{"embeddable":true,"href":"https:\/\/www.fondazionesaluspueri.it\/index.php\/wp-json\/wp\/v2\/media\/5861"}],"wp:attachment":[{"href":"https:\/\/www.fondazionesaluspueri.it\/index.php\/wp-json\/wp\/v2\/media?parent=180"}],"curies":[{"name":"wp","href":"https:\/\/api.w.org\/{rel}","templated":true}]}}