{"id":163,"date":"2017-11-16T12:32:48","date_gmt":"2017-11-16T12:32:48","guid":{"rendered":"http:\/\/212.237.21.101\/salus\/?page_id=163"},"modified":"2025-12-16T09:50:09","modified_gmt":"2025-12-16T09:50:09","slug":"5x1000","status":"publish","type":"page","link":"https:\/\/www.fondazionesaluspueri.it\/index.php\/come-donare\/5x1000\/","title":{"rendered":"5X1000"},"content":{"rendered":"[vc_row][vc_column][vc_column_text]\n<h4><strong>Nel primo riquadro in alto a sinistra della dichiarazione dedicato al \u201cSostegno delle organizzazioni non lucrative di utilit\u00e0 sociale\u201d e apponi la tua firma, ci aiuterai a realizzare a Padova il primo vero ospedale pediatrico del Veneto!<\/strong><\/h4>\n[\/vc_column_text][vc_tta_accordion][vc_tta_section title=&#8221;Cos&#8217;\u00e8 il 5&#215;1000?&#8221; tab_id=&#8221;1521111601596-b92ce99a-41dc&#8221;][vc_column_text]Il 5<strong>x<\/strong>1000 \u00e8 una<strong> quota dell&#8217;imposta<\/strong> IRPEF (per l&#8217;esattezza, lo\u00a00,5 per cento dell\u2019imposta netta risultante dalla propria dichiarazione dei redditi) che lo Stato italiano ha stabilito di <strong>destinare a<\/strong> <strong>enti no profit che svolgono attivit\u00e0 socialmente rilevanti<\/strong>. Le associazioni o enti in oggetto si occupano di attivit\u00e0 di interesse sociale, volontariato o ricerca scientifica, sanitaria, universitaria.<br \/>\nIl 5<strong>x<\/strong>1000 \u00e8 una forma di finanziamento che non comporta oneri aggiuntivi al contribuente.[\/vc_column_text][\/vc_tta_section][vc_tta_section title=&#8221;Chi pu\u00f2 donare il 5&#215;1000?&#8221; tab_id=&#8221;1521111601610-7ce824ed-c68f&#8221;][vc_column_text]Chiunque pu\u00f2 donare il 5<strong>x<\/strong>1000.<br \/>\nPer farlo deve presentare la <strong>Dichiarazione dei Redditi 2023<\/strong> (modello Redditi Persone fisiche, modello 730) o la Certificazione Unica, compilando l&#8217;apposita sezione dedicata.[\/vc_column_text][\/vc_tta_section][vc_tta_section title=&#8221;Non dovendo presentare la dichiarazione dei redditi si pu\u00f2 scegliere di destinare il 5&#215;1000?&#8221; tab_id=&#8221;1521111711158-0f7ea2d7-96f1&#8243;][vc_column_text]La scelta di destinare il 5<strong>x<\/strong>1000 \u00e8 svincolata dalla presentazione della Dichiarazione dei Redditi (Modello Redditi Persone Fisiche o 730). Tutti coloro che hanno ricevuto la <strong>Certificazione Unica 2023<\/strong>\u00a0(CU) possono ugualmente destinare il 5<strong>x<\/strong>1000, recandosi presso gli uffici postali o da un intermediario abilitato (CAF o professionista) e presentando la scheda, in busta chiusa, entro il <strong>30 Settembre 2023. <\/strong>Baster\u00e0 apporre sulla busta la scritta &#8220;scelta per la destinazione dell&#8217;otto, del cinque e del due per mille dell&#8217;irpef\u201d, il codice fiscale, il cognome e nome del contribuente.<\/p>\n<p>La scheda deve essere integralmente presentata anche nel caso in cui il contribuente abbia espresso soltanto una delle scelte consentite.[\/vc_column_text][\/vc_tta_section][vc_tta_section title=&#8221;Come posso devolvere il 5&#215;1000 a Fondazione Salus Pueri?&#8221; tab_id=&#8221;1521111808926-cbe5392b-41c8&#8243;][vc_column_text]Per far s\u00ec che il proprio 5<strong>x<\/strong>1000 venga destinato a Fondazione Salus Pueri \u00e8 necessario firmare nel riquadro per il &#8220;<strong>Sostegno del volontariato e delle altre organizzazioni non lucrative di utilit\u00e0 sociale<\/strong>&#8221; e inserire il codice fiscale <strong>02539570289<\/strong>. Se il contribuente firma ma non scrive il codice fiscale, la quota non verr\u00e0 interamente destinata a Fondazione Salus Pueri, ma suddivisa in modo proporzionale al numero di preferenze ricevute dalle organizzazioni appartenenti allo stesso riquadro, in questo caso quello delle organizzazioni non lucrative di utilit\u00e0 sociale.[\/vc_column_text][\/vc_tta_section][vc_tta_section title=&#8221;Cosa significa che il 5&#215;1000 non costa nulla?&#8221; tab_id=&#8221;1521111861254-4dadac47-aea9&#8243;][vc_column_text]Il 5<strong>x<\/strong>1000 non costa nulla perch\u00e9 \u00e8 <strong>una quota dell&#8217;IRPEF<\/strong> che il contribuente pu\u00f2 scegliere di destinare ad un&#8217;organizzazione non profit come Fondazione Salus Pueri oppure di versare allo Stato. Non si tratta, quindi, di una tassa aggiuntiva.[\/vc_column_text][\/vc_tta_section][vc_tta_section title=&#8221;Che differenza c&#8217;\u00e8 tra l&#8217;8 x 1000 ed il 5&#215;1000?&#8221; tab_id=&#8221;1521111889798-42001684-865d&#8221;][vc_column_text]Sono due cose distinte che non hanno alcuna sovrapposizione tra loro. Si tratta di destinare parte delle proprie imposte a fini diversi.<br \/>\nDevolvere l&#8217;8<strong>x<\/strong>1000 infatti \u00e8 una scelta che ogni contribuente pu\u00f2 continuare a fare indipendentemente dalla possibilit\u00e0 di destinare il 5<strong>x<\/strong>1000.[\/vc_column_text][\/vc_tta_section][vc_tta_section title=&#8221;Quali sono le scadenze per devolvere il 5&#215;1000 a Fondazione Salus Pueri?&#8221; tab_id=&#8221;1521111908440-c422c705-dff1&#8243;][vc_column_text]Il modello <strong>730 ordinario<\/strong> e modello <strong>730 precompilato<\/strong>,<strong>\u00a0<\/strong>devono<strong>\u00a0<\/strong>essere presentati entro il<strong> 30 settembre 2023<\/strong>.<\/p>\n<p>Il<strong> modello Redditi Persone Fisiche<\/strong> deve essere presentato per via <strong>telematica<\/strong> entro il <strong>30 Novembre 2023, <\/strong>per via<strong> cartacea <\/strong>entro il <strong>30 Giugno 2023<\/strong>.[\/vc_column_text][\/vc_tta_section][\/vc_tta_accordion][vc_empty_space][vc_column_text]\n<h4 style=\"text-align: center;\"><strong>SCARICA LE ISTRUZIONI PER LA TUA DICHIARAZIONE DEI REDDITI<\/strong><\/h4>\n[\/vc_column_text][\/vc_column][\/vc_row][vc_row][vc_column width=&#8221;1\/2&#8243;][vc_single_image image=&#8221;1714&#8243; alignment=&#8221;center&#8221; onclick=&#8221;custom_link&#8221; img_link_target=&#8221;_blank&#8221; link=&#8221;https:\/\/www.fondazionesaluspueri.it\/wp-content\/uploads\/2024\/05\/modello-730.pdf&#8221;][vc_column_text]\n<p style=\"text-align: center;\"><strong>MODELLO 730<\/strong><\/p>\n[\/vc_column_text][\/vc_column][vc_column width=&#8221;1\/2&#8243;][vc_single_image image=&#8221;1714&#8243; alignment=&#8221;center&#8221; onclick=&#8221;custom_link&#8221; img_link_target=&#8221;_blank&#8221; link=&#8221;https:\/\/www.fondazionesaluspueri.it\/wp-content\/uploads\/2024\/05\/modello-redditi-1.pdf&#8221;][vc_column_text]\n<p style=\"text-align: center;\"><strong>MODELLO REDDITI PERSONE FISICHE<\/strong><\/p>\n[\/vc_column_text][\/vc_column][\/vc_row][vc_row][vc_column][vc_video link=&#8221;https:\/\/youtu.be\/I-tqOLa3gfA&#8221;][\/vc_column][\/vc_row][vc_row][vc_column][vc_column_text]\n<h1>Anno Esercizio 2023<\/h1>\n<h3>Importo Percepito 37.183,25 \u20ac<\/h3>\n<h4>Data Percezione 27-12-2024<\/h4>\n[\/vc_column_text][vc_single_image image=&#8221;4903&#8243; img_size=&#8221;MEDIUM&#8221; onclick=&#8221;custom_link&#8221; link=&#8221;https:\/\/www.fondazionesaluspueri.it\/wp-content\/uploads\/2025\/12\/Rendiconto-contibuto-RND438405159911774980.pdf&#8221;][\/vc_column][\/vc_row][vc_row][vc_column][\/vc_column][\/vc_row]\n","protected":false},"excerpt":{"rendered":"<p>[vc_row][vc_column][vc_column_text] Nel primo riquadro in alto a sinistra della dichiarazione dedicato al \u201cSostegno delle organizzazioni non lucrative di utilit\u00e0 sociale\u201d e apponi la tua firma, ci aiuterai a realizzare a Padova il primo vero ospedale pediatrico del Veneto! [\/vc_column_text][vc_tta_accordion][vc_tta_section title=&#8221;Cos&#8217;\u00e8 il 5&#215;1000?&#8221; tab_id=&#8221;1521111601596-b92ce99a-41dc&#8221;][vc_column_text]Il 5&#215;1000 \u00e8 una quota dell&#8217;imposta IRPEF (per l&#8217;esattezza, lo\u00a00,5 per cento dell\u2019imposta [&hellip;]<\/p>\n","protected":false},"author":1,"featured_media":5895,"parent":55,"menu_order":0,"comment_status":"closed","ping_status":"closed","template":"","meta":[],"_links":{"self":[{"href":"https:\/\/www.fondazionesaluspueri.it\/index.php\/wp-json\/wp\/v2\/pages\/163"}],"collection":[{"href":"https:\/\/www.fondazionesaluspueri.it\/index.php\/wp-json\/wp\/v2\/pages"}],"about":[{"href":"https:\/\/www.fondazionesaluspueri.it\/index.php\/wp-json\/wp\/v2\/types\/page"}],"author":[{"embeddable":true,"href":"https:\/\/www.fondazionesaluspueri.it\/index.php\/wp-json\/wp\/v2\/users\/1"}],"replies":[{"embeddable":true,"href":"https:\/\/www.fondazionesaluspueri.it\/index.php\/wp-json\/wp\/v2\/comments?post=163"}],"version-history":[{"count":61,"href":"https:\/\/www.fondazionesaluspueri.it\/index.php\/wp-json\/wp\/v2\/pages\/163\/revisions"}],"predecessor-version":[{"id":5963,"href":"https:\/\/www.fondazionesaluspueri.it\/index.php\/wp-json\/wp\/v2\/pages\/163\/revisions\/5963"}],"up":[{"embeddable":true,"href":"https:\/\/www.fondazionesaluspueri.it\/index.php\/wp-json\/wp\/v2\/pages\/55"}],"wp:featuredmedia":[{"embeddable":true,"href":"https:\/\/www.fondazionesaluspueri.it\/index.php\/wp-json\/wp\/v2\/media\/5895"}],"wp:attachment":[{"href":"https:\/\/www.fondazionesaluspueri.it\/index.php\/wp-json\/wp\/v2\/media?parent=163"}],"curies":[{"name":"wp","href":"https:\/\/api.w.org\/{rel}","templated":true}]}}